{"id":202,"date":"2023-03-27T10:06:41","date_gmt":"2023-03-27T10:06:41","guid":{"rendered":"https:\/\/nikolaussons.se\/?page_id=202"},"modified":"2023-05-02T14:07:19","modified_gmt":"2023-05-02T14:07:19","slug":"begagnat","status":"publish","type":"page","link":"https:\/\/nikolaussons.se\/?page_id=202","title":{"rendered":"Begagnat"},"content":{"rendered":"<p>[et_pb_section fb_built=&#8221;1&#8243; custom_padding_last_edited=&#8221;on|phone&#8221; admin_label=&#8221;Hero Section&#8221; _builder_version=&#8221;4.20.2&#8243; use_background_color_gradient=&#8221;on&#8221; background_color_gradient_type=&#8221;circular&#8221; background_color_gradient_direction_radial=&#8221;top left&#8221; background_color_gradient_stops=&#8221;#242e58 10%|rgba(43,48,58,0.5) 100%&#8221; background_color_gradient_overlays_image=&#8221;on&#8221; background_color_gradient_start=&#8221;#2b303a&#8221; background_color_gradient_start_position=&#8221;10%&#8221; background_color_gradient_end=&#8221;rgba(43,48,58,0.5)&#8221; background_image=&#8221;https:\/\/nikolaussons.se\/wp-content\/uploads\/2023\/04\/begagnat.jpg&#8221; module_alignment=&#8221;right&#8221; custom_margin=&#8221;0px|60px|0px|60px|true|true&#8221; custom_margin_tablet=&#8221;0px|0px|0px|0px|true|true&#8221; custom_margin_phone=&#8221;&#8221; custom_margin_last_edited=&#8221;on|tablet&#8221; custom_padding=&#8221;10vw|0|10vw|0|false|false&#8221; custom_padding_tablet=&#8221;|||0px&#8221; custom_padding_phone=&#8221;120px||120px|&#8221; top_divider_style=&#8221;asymmetric4&#8243; top_divider_color=&#8221;#F2F2F2&#8243; top_divider_repeat=&#8221;0.5x&#8221; top_divider_flip=&#8221;vertical&#8221; bottom_divider_style=&#8221;asymmetric4&#8243; bottom_divider_color=&#8221;#F2F2F2&#8243; bottom_divider_repeat=&#8221;0.5x&#8221; bottom_divider_flip=&#8221;horizontal&#8221; animation_style=&#8221;slide&#8221; animation_direction=&#8221;top&#8221; animation_intensity_slide=&#8221;2%&#8221; global_colors_info=&#8221;{}&#8221;][et_pb_row admin_label=&#8221;Hero Area&#8221; _builder_version=&#8221;4.16&#8243; background_size=&#8221;initial&#8221; background_position=&#8221;top_left&#8221; background_repeat=&#8221;repeat&#8221; custom_margin=&#8221;|||&#8221; global_colors_info=&#8221;{}&#8221;][et_pb_column type=&#8221;4_4&#8243; _builder_version=&#8221;4.16&#8243; custom_padding=&#8221;|||&#8221; global_colors_info=&#8221;{}&#8221; custom_padding__hover=&#8221;|||&#8221;][et_pb_text admin_label=&#8221;Title&#8221; _builder_version=&#8221;4.20.2&#8243; text_font=&#8221;||||||||&#8221; quote_font=&#8221;||||||||&#8221; header_2_font=&#8221;||||||||&#8221; background_layout=&#8221;dark&#8221; custom_margin=&#8221;|||-40px&#8221; custom_margin_tablet=&#8221;&#8221; custom_margin_phone=&#8221;|||0px&#8221; custom_margin_last_edited=&#8221;on|phone&#8221; custom_padding=&#8221;|||30px&#8221; animation_style=&#8221;slide&#8221; animation_direction=&#8221;top&#8221; animation_intensity_slide=&#8221;5%&#8221; animation_starting_opacity=&#8221;100%&#8221; hover_enabled=&#8221;0&#8243; border_color_all=&#8221;#ff5400&#8243; border_width_left=&#8221;10px&#8221; border_color_left=&#8221;#EA5610&#8243; global_colors_info=&#8221;{}&#8221; sticky_enabled=&#8221;0&#8243;]<\/p>\n<h1>Begagnat<\/h1>\n<p>[\/et_pb_text][\/et_pb_column][\/et_pb_row][et_pb_row column_structure=&#8221;1_2,1_2&#8243; _builder_version=&#8221;4.16&#8243; global_colors_info=&#8221;{}&#8221;][et_pb_column type=&#8221;1_2&#8243; _builder_version=&#8221;4.16&#8243; custom_padding=&#8221;|||&#8221; global_colors_info=&#8221;{}&#8221; custom_padding__hover=&#8221;|||&#8221;][et_pb_text _builder_version=&#8221;4.20.2&#8243; text_text_color=&#8221;#FFFFFF&#8221; text_font_size=&#8221;20px&#8221; background_layout=&#8221;dark&#8221; animation_style=&#8221;fold&#8221; animation_direction=&#8221;left&#8221; animation_intensity_fold=&#8221;5%&#8221; animation_starting_opacity=&#8221;100%&#8221; locked=&#8221;off&#8221; global_colors_info=&#8221;{}&#8221;]<\/p>\n<p>D\u00e5 v\u00e5ra kunder uppdaterar sin stoftavskiljning byter vi ibland in utrustning f\u00f6r att kunna erbjuda bra alternativ.<\/p>\n<p>Vi har n\u00e4stan alltid\u00a0n\u00e5gra begagnade fl\u00e4ktar p\u00e5 lager och ibland har vi \u00e4ven filteranl\u00e4ggningar och cykloner.<\/p>\n<p>Nedan ser du en lista p\u00e5 vad vi har p\u00e5 lager just nu. <br \/>H\u00f6r g\u00e4rna av er om ni har fr\u00e5gor!<\/p>\n<p>[\/et_pb_text][\/et_pb_column][et_pb_column type=&#8221;1_2&#8243; _builder_version=&#8221;4.16&#8243; custom_padding=&#8221;|||&#8221; global_colors_info=&#8221;{}&#8221; custom_padding__hover=&#8221;|||&#8221;][\/et_pb_column][\/et_pb_row][\/et_pb_section][et_pb_section fb_built=&#8221;1&#8243; disabled_on=&#8221;off|off|off&#8221; _builder_version=&#8221;4.20.2&#8243; _module_preset=&#8221;default&#8221; background_color=&#8221;#F2F2F2&#8243; global_colors_info=&#8221;{}&#8221;][et_pb_row column_structure=&#8221;2_5,3_5&#8243; _builder_version=&#8221;4.20.2&#8243; _module_preset=&#8221;default&#8221; background_color=&#8221;#FFFFFF&#8221; custom_margin=&#8221;||50px||false|false&#8221; custom_margin_tablet=&#8221;||50px||false|false&#8221; custom_margin_phone=&#8221;||50px||false|false&#8221; custom_margin_last_edited=&#8221;on|desktop&#8221; border_width_all=&#8221;1px&#8221; border_color_all=&#8221;rgba(51,51,51,0.15)&#8221; global_colors_info=&#8221;{}&#8221;][et_pb_column type=&#8221;2_5&#8243; _builder_version=&#8221;4.20.2&#8243; _module_preset=&#8221;default&#8221; global_colors_info=&#8221;{}&#8221;][et_pb_image src=&#8221;https:\/\/nikolaussons.se\/wp-content\/uploads\/2023\/03\/begagnat.png&#8221; alt=&#8221;cirkulerande pilar&#8221; align=&#8221;center&#8221; _builder_version=&#8221;4.20.2&#8243; _module_preset=&#8221;default&#8221; max_height=&#8221;300px&#8221; custom_margin=&#8221;|50px||50px|false|true&#8221; global_colors_info=&#8221;{}&#8221;][\/et_pb_image][\/et_pb_column][et_pb_column type=&#8221;3_5&#8243; _builder_version=&#8221;4.20.2&#8243; _module_preset=&#8221;default&#8221; global_colors_info=&#8221;{}&#8221;][et_pb_text _builder_version=&#8221;4.20.2&#8243; _module_preset=&#8221;default&#8221; custom_margin=&#8221;20px||20px||true|false&#8221; custom_padding=&#8221;|50px||50px|false|true&#8221; global_colors_info=&#8221;{}&#8221;]<\/p>\n<h3>Inget i lager<\/h3>\n<p>Just nu har vi inga begagnade produkter i lager.<\/p>\n<p>[\/et_pb_text][\/et_pb_column][\/et_pb_row][et_pb_row column_structure=&#8221;2_5,3_5&#8243; disabled_on=&#8221;on|on|on&#8221; _builder_version=&#8221;4.20.2&#8243; _module_preset=&#8221;default&#8221; background_color=&#8221;#FFFFFF&#8221; custom_margin=&#8221;||50px||false|false&#8221; custom_margin_tablet=&#8221;||50px||false|false&#8221; custom_margin_phone=&#8221;||50px||false|false&#8221; custom_margin_last_edited=&#8221;on|desktop&#8221; border_width_all=&#8221;1px&#8221; border_color_all=&#8221;rgba(51,51,51,0.15)&#8221; disabled=&#8221;on&#8221; global_colors_info=&#8221;{}&#8221;][et_pb_column type=&#8221;2_5&#8243; _builder_version=&#8221;4.20.2&#8243; _module_preset=&#8221;default&#8221; global_colors_info=&#8221;{}&#8221;][et_pb_image src=&#8221;https:\/\/nikolaussons.se\/wp-content\/uploads\/2023\/03\/IMG_4749.jpg&#8221; alt=&#8221;Cyklon&#8221; align=&#8221;center&#8221; _builder_version=&#8221;4.20.2&#8243; _module_preset=&#8221;default&#8221; max_height=&#8221;300px&#8221; custom_margin=&#8221;|50px||50px|false|true&#8221; global_colors_info=&#8221;{}&#8221;][\/et_pb_image][\/et_pb_column][et_pb_column type=&#8221;3_5&#8243; _builder_version=&#8221;4.20.2&#8243; _module_preset=&#8221;default&#8221; global_colors_info=&#8221;{}&#8221;][et_pb_text _builder_version=&#8221;4.20.2&#8243; _module_preset=&#8221;default&#8221; custom_margin=&#8221;20px||20px||true|false&#8221; custom_padding=&#8221;|50px||50px|false|true&#8221; global_colors_info=&#8221;{}&#8221;]<\/p>\n<h3>Begagnat #1<\/h3>\n<p>V\u00e5ra cykloner \u00e4r grovavskiljare som har dimensionerats f\u00f6r att ha en mycket god avskiljningsf\u00f6rm\u00e5ga. Kan levereras med eller utan ett kraftigt benstativ f\u00f6r uppst\u00e4llning p\u00e5 underliggande balkstativ eller placering direkt p\u00e5 betongplatta.<\/p>\n<p>De \u00e4r tillverkade i 2-3 mm svartpl\u00e5t och \u00e4r sektionsbyggda f\u00f6r h\u00f6gre stabilitet och l\u00e4gre ljudniv\u00e5. Cyklonerna \u00e4r l\u00e4mpade f\u00f6r s\u00e5v\u00e4l \u00f6vertryck som undertryck.<\/p>\n<p>Cyklonerna finns i ett flertal storlekar upp till 45 000-55 000 m3\/h, beroende p\u00e5 applikation.<\/p>\n<p>[\/et_pb_text][\/et_pb_column][\/et_pb_row][et_pb_row column_structure=&#8221;2_5,3_5&#8243; disabled_on=&#8221;on|on|on&#8221; _builder_version=&#8221;4.20.2&#8243; _module_preset=&#8221;default&#8221; background_color=&#8221;#FFFFFF&#8221; custom_margin=&#8221;||50px||false|false&#8221; custom_margin_tablet=&#8221;||50px||false|false&#8221; custom_margin_phone=&#8221;||50px||false|false&#8221; custom_margin_last_edited=&#8221;on|desktop&#8221; border_width_all=&#8221;1px&#8221; border_color_all=&#8221;rgba(51,51,51,0.15)&#8221; disabled=&#8221;on&#8221; global_colors_info=&#8221;{}&#8221;][et_pb_column type=&#8221;2_5&#8243; _builder_version=&#8221;4.20.2&#8243; _module_preset=&#8221;default&#8221; global_colors_info=&#8221;{}&#8221;][et_pb_image src=&#8221;https:\/\/nikolaussons.se\/wp-content\/uploads\/2023\/03\/IMG_4750.jpg&#8221; alt=&#8221;Rotorsluss NPRV-B&#8221; align=&#8221;center&#8221; _builder_version=&#8221;4.20.2&#8243; _module_preset=&#8221;default&#8221; max_height=&#8221;300px&#8221; custom_margin=&#8221;|50px||50px|false|true&#8221; global_colors_info=&#8221;{}&#8221;][\/et_pb_image][et_pb_image src=&#8221;https:\/\/nikolaussons.se\/wp-content\/uploads\/2023\/03\/IMG_4751.jpg&#8221; alt=&#8221;Rotorsluss NPRV-S&#8221; align=&#8221;center&#8221; _builder_version=&#8221;4.20.2&#8243; _module_preset=&#8221;default&#8221; max_height=&#8221;300px&#8221; custom_margin=&#8221;|50px||50px|false|true&#8221; global_colors_info=&#8221;{}&#8221;][\/et_pb_image][\/et_pb_column][et_pb_column type=&#8221;3_5&#8243; _builder_version=&#8221;4.20.2&#8243; _module_preset=&#8221;default&#8221; global_colors_info=&#8221;{}&#8221;][et_pb_text _builder_version=&#8221;4.20.2&#8243; _module_preset=&#8221;default&#8221; custom_margin=&#8221;20px||20px||true|false&#8221; custom_padding=&#8221;|50px||50px|false|true&#8221; global_colors_info=&#8221;{}&#8221;]<\/p>\n<h3>Begagnat #2<\/h3>\n<h4>NPRV-B<\/h4>\n<p>NPRV-B \u00e4r en enhet f\u00f6r tryckl\u00f6s utmatning av material mellan tv\u00e5 system, exempelvis cyklon till underliggande transportledning. Den har en kraftig och slagt\u00e5lig rotor med en massiv axel som k\u00e4rna.<\/p>\n<p>V\u00e4ndbara och slitstarka gummilameller i naturgummi medf\u00f6r l\u00e4gre driftskostnader. Gummit kan \u00e4ven f\u00e5s i polyuretan f\u00f6r ytterligare slitstyrka och h\u00e5llbarhet.<\/p>\n<p><span class=\"Apple-tab-span\"> <\/span>\u2022<span class=\"Apple-tab-span\"> <\/span>Slusshuset \u00e4r demonterbart i fyra delar f\u00f6r att underl\u00e4tta service och underh\u00e5ll.<\/p>\n<p><span class=\"Apple-tab-span\"> <\/span>\u2022<span class=\"Apple-tab-span\"> <\/span>Rotorslussen kan f\u00f6rses med en givare f\u00f6r automatisk rotations\u00f6vervakning.<\/p>\n<p><span class=\"Apple-tab-span\"> <\/span>\u2022<span class=\"Apple-tab-span\"> <\/span>Innan alla enheter l\u00e4mnar fabrik har de provk\u00f6rts och godk\u00e4nts i en kvalitetskontroll f\u00f6r att ge en n\u00f6jd kund.<\/p>\n<p>Information om NPRV-B kan laddas ner <a href=\"http:\/\/nikolaussons.se\/Filer\/produktinfo\/nprv-b_info.pdf\"><span><b>h\u00e4r<\/b><\/span><\/a>.<\/p>\n<h4>NPRV-S<\/h4>\n<p>NPRV-S \u00e4r en enhet f\u00f6r tryckl\u00f6s utmatning av material mellan tv\u00e5 system, exempelvis cyklon till underliggande transportledning. Slussen levereras som standard med lameller i naturgummi men gummit kan f\u00e5s i polyuretan f\u00f6r ytterligare slitstyrka och h\u00e5llbarhet.<\/p>\n<p><span class=\"Apple-tab-span\"> <\/span>\u2022<span class=\"Apple-tab-span\"> <\/span>Rotorslussen kan f\u00f6rses med en givare f\u00f6r automatisk rotations\u00f6vervakning.<\/p>\n<p><span class=\"Apple-tab-span\"> <\/span>\u2022<span class=\"Apple-tab-span\"> <\/span>Innan alla enheter l\u00e4mnar fabrik har de provk\u00f6rts och godk\u00e4nts i en kvalitetskontroll f\u00f6r att ge en n\u00f6jd kund.<\/p>\n<p><span class=\"Apple-tab-span\"> <\/span>\u2022<span class=\"Apple-tab-span\"> <\/span>Slusshuset \u00e4r demonterbart i fyra delar f\u00f6r att underl\u00e4tta service och underh\u00e5ll.<\/p>\n<p>Information om NPRV-S kan laddas ner <a href=\"http:\/\/nikolaussons.se\/Filer\/produktinfo\/nprv-s_info.pdf\"><span><b>h\u00e4r<\/b><\/span><\/a>.<\/p>\n<p>[\/et_pb_text][\/et_pb_column][\/et_pb_row][et_pb_row column_structure=&#8221;2_5,3_5&#8243; disabled_on=&#8221;on|on|on&#8221; _builder_version=&#8221;4.20.2&#8243; _module_preset=&#8221;default&#8221; background_color=&#8221;#FFFFFF&#8221; custom_margin=&#8221;||50px||false|false&#8221; custom_margin_tablet=&#8221;||50px||false|false&#8221; custom_margin_phone=&#8221;||50px||false|false&#8221; custom_margin_last_edited=&#8221;on|desktop&#8221; border_width_all=&#8221;1px&#8221; border_color_all=&#8221;rgba(51,51,51,0.15)&#8221; disabled=&#8221;on&#8221; global_colors_info=&#8221;{}&#8221;][et_pb_column type=&#8221;2_5&#8243; _builder_version=&#8221;4.20.2&#8243; _module_preset=&#8221;default&#8221; global_colors_info=&#8221;{}&#8221;][et_pb_image src=&#8221;https:\/\/nikolaussons.se\/wp-content\/uploads\/2023\/03\/IMG_4752.jpg&#8221; alt=&#8221;Spj\u00e4ll&#8221; align=&#8221;center&#8221; _builder_version=&#8221;4.20.2&#8243; _module_preset=&#8221;default&#8221; max_height=&#8221;300px&#8221; custom_margin=&#8221;|50px||50px|false|true&#8221; global_colors_info=&#8221;{}&#8221;][\/et_pb_image][et_pb_image src=&#8221;https:\/\/nikolaussons.se\/wp-content\/uploads\/2023\/03\/IMG_4753.jpg&#8221; alt=&#8221;Spj\u00e4ll&#8221; align=&#8221;center&#8221; _builder_version=&#8221;4.20.2&#8243; _module_preset=&#8221;default&#8221; max_height=&#8221;300px&#8221; custom_margin=&#8221;|50px||50px|false|true&#8221; global_colors_info=&#8221;{}&#8221;][\/et_pb_image][\/et_pb_column][et_pb_column type=&#8221;3_5&#8243; _builder_version=&#8221;4.20.2&#8243; _module_preset=&#8221;default&#8221; global_colors_info=&#8221;{}&#8221;][et_pb_text _builder_version=&#8221;4.20.2&#8243; _module_preset=&#8221;default&#8221; custom_margin=&#8221;20px||20px||true|false&#8221; custom_padding=&#8221;|50px||50px|false|true&#8221; global_colors_info=&#8221;{}&#8221;]<\/p>\n<h3>Begagnat #3<\/h3>\n<p>Bland v\u00e5ra spj\u00e4ll finns b\u00e5de manuella skjutspj\u00e4ll och pneumatiska automatspj\u00e4ll. De har en stabil konstruktion i 1,25-1,5 mm pl\u00e5t, d\u00e4r skjutpl\u00e5ten \u00e4r tillverkad i kraftigare material. Luftt\u00e4thet uppn\u00e5s genom att en t\u00e4tningslist monteras inv\u00e4ndigt. Konstruktionen p\u00e5 spj\u00e4llet skjuter enbart ut i en riktning, vilket g\u00f6r att byggformen l\u00e4mpar sig v\u00e4l f\u00f6r sm\u00e5 utrymmen.<\/p>\n<p>Dimensioner finns som standard fr\u00e5n 80 mm upp till 500 mm, men kan \u00e4ven tillverkas i andra storlekar.<\/p>\n<p>[\/et_pb_text][\/et_pb_column][\/et_pb_row][\/et_pb_section]<\/p>\n","protected":false},"excerpt":{"rendered":"<p>BegagnatD\u00e5 v\u00e5ra kunder uppdaterar sin stoftavskiljning byter vi ibland in utrustning f\u00f6r att kunna erbjuda bra alternativ. Vi har n\u00e4stan alltid\u00a0n\u00e5gra begagnade fl\u00e4ktar p\u00e5 lager och ibland har vi \u00e4ven filteranl\u00e4ggningar och cykloner. Nedan ser du en lista p\u00e5 vad vi har p\u00e5 lager just nu. H\u00f6r g\u00e4rna av er om ni har fr\u00e5gor!Inget i [&hellip;]<\/p>\n","protected":false},"author":1,"featured_media":0,"parent":0,"menu_order":0,"comment_status":"closed","ping_status":"closed","template":"","meta":{"_et_pb_use_builder":"on","_et_pb_old_content":"","_et_gb_content_width":"","footnotes":""},"class_list":["post-202","page","type-page","status-publish","hentry"],"_links":{"self":[{"href":"https:\/\/nikolaussons.se\/index.php?rest_route=\/wp\/v2\/pages\/202","targetHints":{"allow":["GET"]}}],"collection":[{"href":"https:\/\/nikolaussons.se\/index.php?rest_route=\/wp\/v2\/pages"}],"about":[{"href":"https:\/\/nikolaussons.se\/index.php?rest_route=\/wp\/v2\/types\/page"}],"author":[{"embeddable":true,"href":"https:\/\/nikolaussons.se\/index.php?rest_route=\/wp\/v2\/users\/1"}],"replies":[{"embeddable":true,"href":"https:\/\/nikolaussons.se\/index.php?rest_route=%2Fwp%2Fv2%2Fcomments&post=202"}],"version-history":[{"count":8,"href":"https:\/\/nikolaussons.se\/index.php?rest_route=\/wp\/v2\/pages\/202\/revisions"}],"predecessor-version":[{"id":851,"href":"https:\/\/nikolaussons.se\/index.php?rest_route=\/wp\/v2\/pages\/202\/revisions\/851"}],"wp:attachment":[{"href":"https:\/\/nikolaussons.se\/index.php?rest_route=%2Fwp%2Fv2%2Fmedia&parent=202"}],"curies":[{"name":"wp","href":"https:\/\/api.w.org\/{rel}","templated":true}]}}