{"id":13,"date":"2023-03-21T12:47:29","date_gmt":"2023-03-21T12:47:29","guid":{"rendered":"https:\/\/nikolaussons.se\/?page_id=13"},"modified":"2023-05-02T14:05:49","modified_gmt":"2023-05-02T14:05:49","slug":"startsida","status":"publish","type":"page","link":"https:\/\/nikolaussons.se\/","title":{"rendered":"Startsida"},"content":{"rendered":"<p>[et_pb_section fb_built=&#8221;1&#8243; custom_padding_last_edited=&#8221;on|phone&#8221; admin_label=&#8221;Hero Section&#8221; _builder_version=&#8221;4.20.2&#8243; use_background_color_gradient=&#8221;on&#8221; background_color_gradient_type=&#8221;circular&#8221; background_color_gradient_direction_radial=&#8221;top left&#8221; background_color_gradient_stops=&#8221;#242e58 10%|rgba(36,46,88,0.5) 100%&#8221; background_color_gradient_overlays_image=&#8221;on&#8221; background_color_gradient_start=&#8221;#2b303a&#8221; background_color_gradient_start_position=&#8221;10%&#8221; background_color_gradient_end=&#8221;rgba(43,48,58,0.5)&#8221; background_image=&#8221;https:\/\/nikolaussons.se\/wp-content\/uploads\/2023\/03\/spanutsugvrigstad03stor-scaled.jpg&#8221; background_size=&#8221;initial&#8221; background_position=&#8221;top_center&#8221; background_vertical_offset=&#8221;24%&#8221; module_alignment=&#8221;right&#8221; custom_margin=&#8221;-3px|60px|-3px|60px|true|true&#8221; custom_margin_tablet=&#8221;0px|0px|0px|0px|true|true&#8221; custom_margin_phone=&#8221;&#8221; custom_margin_last_edited=&#8221;on|phone&#8221; custom_padding=&#8221;13vw||0|0|false|false&#8221; custom_padding_tablet=&#8221;|||0px&#8221; custom_padding_phone=&#8221;120px|||&#8221; top_divider_style=&#8221;asymmetric4&#8243; top_divider_color=&#8221;#f2f2f2&#8243; top_divider_repeat=&#8221;0.5x&#8221; top_divider_flip=&#8221;vertical&#8221; animation_style=&#8221;slide&#8221; animation_direction=&#8221;top&#8221; animation_intensity_slide=&#8221;2%&#8221; box_shadow_style=&#8221;preset3&#8243; box_shadow_vertical=&#8221;80px&#8221; box_shadow_blur=&#8221;70px&#8221; box_shadow_spread=&#8221;-40px&#8221; box_shadow_color=&#8221;rgba(0,0,0,0.12)&#8221; global_colors_info=&#8221;{}&#8221;][et_pb_row admin_label=&#8221;Hero Area&#8221; _builder_version=&#8221;4.16&#8243; background_size=&#8221;initial&#8221; background_position=&#8221;top_left&#8221; background_repeat=&#8221;repeat&#8221; custom_margin=&#8221;||10vw|&#8221; global_colors_info=&#8221;{}&#8221;][et_pb_column type=&#8221;4_4&#8243; _builder_version=&#8221;4.16&#8243; custom_padding=&#8221;|||&#8221; global_colors_info=&#8221;{}&#8221; custom_padding__hover=&#8221;|||&#8221;][et_pb_text admin_label=&#8221;Title&#8221; _builder_version=&#8221;4.20.2&#8243; text_font=&#8221;||||||||&#8221; quote_font=&#8221;||||||||&#8221; header_2_font=&#8221;||||||||&#8221; background_layout=&#8221;dark&#8221; custom_margin=&#8221;|||-40px&#8221; custom_margin_tablet=&#8221;&#8221; custom_margin_phone=&#8221;|||0px&#8221; custom_margin_last_edited=&#8221;on|phone&#8221; custom_padding=&#8221;|||30px&#8221; animation_style=&#8221;slide&#8221; animation_direction=&#8221;top&#8221; animation_intensity_slide=&#8221;5%&#8221; animation_starting_opacity=&#8221;100%&#8221; hover_enabled=&#8221;0&#8243; border_color_all=&#8221;#ea5610&#8243; border_width_left=&#8221;10px&#8221; global_colors_info=&#8221;{}&#8221; sticky_enabled=&#8221;0&#8243;]<\/p>\n<h1>Stoftavskiljning f\u00f6r tr\u00e4industrin<\/h1>\n<p>[\/et_pb_text][et_pb_text admin_label=&#8221;Subtitle&#8221; _builder_version=&#8221;4.20.2&#8243; text_font=&#8221;||||||||&#8221; text_text_color=&#8221;#FFFFFF&#8221; text_font_size=&#8221;20px&#8221; header_font=&#8221;||||||||&#8221; background_layout=&#8221;dark&#8221; max_width=&#8221;700px&#8221; max_width_tablet=&#8221;&#8221; max_width_phone=&#8221;&#8221; max_width_last_edited=&#8221;on|tablet&#8221; custom_margin=&#8221;|||&#8221; custom_padding=&#8221;|||&#8221; animation_style=&#8221;slide&#8221; animation_direction=&#8221;top&#8221; animation_intensity_slide=&#8221;5%&#8221; animation_starting_opacity=&#8221;100%&#8221; text_line_height_tablet=&#8221;&#8221; text_line_height_phone=&#8221;&#8221; text_line_height_last_edited=&#8221;on|desktop&#8221; global_colors_info=&#8221;{}&#8221;]<\/p>\n<p>Kompletta l\u00f6sningar f\u00f6r sp\u00e5nutsug, fr\u00e5n projektering till f\u00e4rdig anl\u00e4ggning och service. Anpassade system och produkter med serviceorienterad konstruktion, grundad p\u00e5 n\u00e4ra fyrtio \u00e5rs erfarenhet.<\/p>\n<p>[\/et_pb_text][\/et_pb_column][\/et_pb_row][et_pb_row column_structure=&#8221;1_3,2_3&#8243; use_custom_gutter=&#8221;on&#8221; gutter_width=&#8221;1&#8243; make_equal=&#8221;on&#8221; admin_label=&#8221;CTA Area&#8221; _builder_version=&#8221;4.20.2&#8243; background_color=&#8221;#ffffff&#8221; width=&#8221;90%&#8221; max_width=&#8221;90%&#8221; module_alignment=&#8221;right&#8221; custom_margin=&#8221;|||&#8221; custom_margin_tablet=&#8221;|||0px&#8221; custom_margin_phone=&#8221;&#8221; custom_margin_last_edited=&#8221;on|tablet&#8221; custom_padding=&#8221;0px||0px|&#8221; animation_style=&#8221;slide&#8221; animation_direction=&#8221;top&#8221; animation_delay=&#8221;200ms&#8221; animation_intensity_slide=&#8221;20%&#8221; use_custom_width=&#8221;on&#8221; width_unit=&#8221;off&#8221; custom_width_percent=&#8221;90%&#8221; locked=&#8221;off&#8221; global_colors_info=&#8221;{}&#8221;][et_pb_column type=&#8221;1_3&#8243; _builder_version=&#8221;4.20.2&#8243; background_color=&#8221;#242e58&#8243; custom_padding=&#8221;40px|5%|40px|5%|false|true&#8221; global_colors_info=&#8221;{}&#8221; custom_padding__hover=&#8221;|||&#8221;][et_pb_text _builder_version=&#8221;4.20.2&#8243; _module_preset=&#8221;default&#8221; text_font=&#8221;|900||on|||||&#8221; text_text_color=&#8221;#FFFFFF&#8221; text_font_size=&#8221;24px&#8221; text_letter_spacing=&#8221;4px&#8221; text_line_height=&#8221;2em&#8221; link_font=&#8221;Bungee||||||||&#8221; link_text_color=&#8221;#ff5400&#8243; link_font_size=&#8221;24px&#8221; link_letter_spacing=&#8221;4px&#8221; text_orientation=&#8221;center&#8221; custom_margin=&#8221;|||&#8221; custom_padding=&#8221;|||&#8221; animation_style=&#8221;fold&#8221; animation_direction=&#8221;left&#8221; animation_intensity_fold=&#8221;5%&#8221; animation_starting_opacity=&#8221;100%&#8221; global_colors_info=&#8221;{}&#8221;]<\/p>\n<p>V\u00c5R SPECIALITET<\/p>\n<p>[\/et_pb_text][\/et_pb_column][et_pb_column type=&#8221;2_3&#8243; _builder_version=&#8221;4.16&#8243; custom_padding=&#8221;40px|10%|40px|10%&#8221; global_colors_info=&#8221;{}&#8221; custom_padding__hover=&#8221;|||&#8221;][et_pb_text _builder_version=&#8221;4.20.2&#8243; text_font=&#8221;|900||on|||||&#8221; text_text_color=&#8221;#ea5610&#8243; text_font_size=&#8221;24px&#8221; text_letter_spacing=&#8221;4px&#8221; text_line_height=&#8221;2em&#8221; link_font=&#8221;Bungee||||||||&#8221; link_text_color=&#8221;#ff5400&#8243; link_font_size=&#8221;24px&#8221; link_letter_spacing=&#8221;4px&#8221; custom_margin=&#8221;|||&#8221; custom_padding=&#8221;|||&#8221; custom_padding_phone=&#8221;50px|20px|40px|20px&#8221; custom_padding_last_edited=&#8221;off|desktop&#8221; animation_style=&#8221;fold&#8221; animation_direction=&#8221;left&#8221; animation_intensity_fold=&#8221;5%&#8221; animation_starting_opacity=&#8221;100%&#8221; link_font_size_last_edited=&#8221;off|desktop&#8221; locked=&#8221;off&#8221; global_colors_info=&#8221;{}&#8221;]<\/p>\n<p>Filter | Fl\u00e4ktar | Cykloner | R\u00f6rsystem<\/p>\n<p>[\/et_pb_text][\/et_pb_column][\/et_pb_row][\/et_pb_section][et_pb_section fb_built=&#8221;1&#8243; admin_label=&#8221;Service Section&#8221; _builder_version=&#8221;4.20.2&#8243; background_color=&#8221;#f2f2f2&#8243; background_enable_image=&#8221;off&#8221; background_size=&#8221;initial&#8221; module_alignment=&#8221;right&#8221; custom_padding=&#8221;120px||120px|&#8221; global_colors_info=&#8221;{}&#8221;][et_pb_row admin_label=&#8221;Service Area&#8221; _builder_version=&#8221;4.16&#8243; locked=&#8221;off&#8221; global_colors_info=&#8221;{}&#8221;][et_pb_column type=&#8221;4_4&#8243; _builder_version=&#8221;4.16&#8243; custom_padding=&#8221;|||&#8221; global_colors_info=&#8221;{}&#8221; custom_padding__hover=&#8221;|||&#8221;][et_pb_text admin_label=&#8221;Title&#8221; _builder_version=&#8221;4.20.2&#8243; text_font=&#8221;||||||||&#8221; header_font=&#8221;||||||||&#8221; custom_margin=&#8221;|||-40px&#8221; custom_margin_tablet=&#8221;&#8221; custom_margin_phone=&#8221;|||0px&#8221; custom_margin_last_edited=&#8221;on|phone&#8221; custom_padding=&#8221;|||30px&#8221; animation_style=&#8221;fold&#8221; animation_direction=&#8221;left&#8221; animation_intensity_fold=&#8221;5%&#8221; animation_starting_opacity=&#8221;100%&#8221; border_color_all=&#8221;#ff5400&#8243; border_width_left=&#8221;10px&#8221; global_colors_info=&#8221;{}&#8221;]<\/p>\n<h2>Nikolaussons <br \/>&#8211; din partner f\u00f6r h\u00f6gkvalitativ sp\u00e5nutsug och stoftavskiljning<\/h2>\n<p>[\/et_pb_text][et_pb_text admin_label=&#8221;Subtitle&#8221; _builder_version=&#8221;4.20.2&#8243; text_font=&#8221;||||||||&#8221; text_font_size=&#8221;18px&#8221; max_width_tablet=&#8221;&#8221; max_width_phone=&#8221;&#8221; max_width_last_edited=&#8221;on|desktop&#8221; custom_padding=&#8221;|||&#8221; animation_style=&#8221;fold&#8221; animation_direction=&#8221;left&#8221; animation_intensity_fold=&#8221;5%&#8221; animation_starting_opacity=&#8221;100%&#8221; locked=&#8221;off&#8221; global_colors_info=&#8221;{}&#8221;]<\/p>\n<p>Vi \u00e4r specialister p\u00e5 att leverera effektiva l\u00f6sningar f\u00f6r att f\u00f6rb\u00e4ttra luftkvaliteten i din arbetsplats och minska risken f\u00f6r h\u00e4lsoproblem f\u00f6r dina anst\u00e4llda.<\/p>\n<p>Med v\u00e5rt breda sortiment av sp\u00e5nutsug och stoftavskiljare kan du enkelt v\u00e4lja den optimala l\u00f6sningen f\u00f6r din verksamhet. Vi erbjuder produkter av h\u00f6gsta kvalitet fr\u00e5n v\u00e4lk\u00e4nda tillverkare, och v\u00e5ra experter st\u00e5r alltid redo att ge dig r\u00e5d och v\u00e4gledning f\u00f6r att hitta den b\u00e4sta l\u00f6sningen f\u00f6r dina behov.<\/p>\n<p>V\u00e5ra produkter \u00e4r utformade f\u00f6r att effektivt ta bort sp\u00e5n och damm fr\u00e5n din produktionsmilj\u00f6 och s\u00e4kerst\u00e4lla en ren och h\u00e4lsosam arbetsplats. Vi har l\u00e5ng erfarenhet inom branschen och vet hur viktigt det \u00e4r att ha en p\u00e5litlig sp\u00e5nutsugsl\u00f6sning p\u00e5 plats f\u00f6r att s\u00e4kerst\u00e4lla h\u00f6g produktivitet och en s\u00e4ker arbetsmilj\u00f6.<\/p>\n<p>Vi \u00e4r stolta \u00f6ver att kunna erbjuda konkurrenskraftiga priser utan att kompromissa med kvaliteten p\u00e5 v\u00e5ra produkter. Vi tror p\u00e5 att bygga l\u00e5ngsiktiga relationer med v\u00e5ra kunder genom att erbjuda h\u00f6gsta kvalitet, service och support.<\/p>\n<p>Kontakta oss idag f\u00f6r att ta reda p\u00e5 hur vi kan hj\u00e4lpa dig att f\u00f6rb\u00e4ttra din arbetsplats genom v\u00e5ra sp\u00e5nutsug och stoftavskiljare.<\/p>\n<p>[\/et_pb_text][\/et_pb_column][\/et_pb_row][et_pb_row admin_label=&#8221;Service Area&#8221; _builder_version=&#8221;4.16&#8243; locked=&#8221;off&#8221; global_colors_info=&#8221;{}&#8221;][et_pb_column type=&#8221;4_4&#8243; _builder_version=&#8221;4.16&#8243; custom_padding=&#8221;|||&#8221; global_colors_info=&#8221;{}&#8221; custom_padding__hover=&#8221;|||&#8221;][et_pb_text admin_label=&#8221;Title&#8221; _builder_version=&#8221;4.20.2&#8243; text_font=&#8221;||||||||&#8221; header_font=&#8221;||||||||&#8221; custom_margin=&#8221;|||-40px&#8221; custom_margin_tablet=&#8221;&#8221; custom_margin_phone=&#8221;|||0px&#8221; custom_margin_last_edited=&#8221;on|phone&#8221; custom_padding=&#8221;|||30px&#8221; animation_style=&#8221;fold&#8221; animation_direction=&#8221;left&#8221; animation_intensity_fold=&#8221;5%&#8221; animation_starting_opacity=&#8221;100%&#8221; border_color_all=&#8221;#ff5400&#8243; border_width_left=&#8221;10px&#8221; global_colors_info=&#8221;{}&#8221;]<\/p>\n<h2>V\u00e5ra verksamheter<\/h2>\n<p>[\/et_pb_text][\/et_pb_column][\/et_pb_row][et_pb_row column_structure=&#8221;1_3,1_3,1_3&#8243; _builder_version=&#8221;4.20.2&#8243; _module_preset=&#8221;default&#8221; global_module=&#8221;594&#8243; saved_tabs=&#8221;all&#8221; global_colors_info=&#8221;{}&#8221;][et_pb_column type=&#8221;1_3&#8243; _builder_version=&#8221;4.20.2&#8243; _module_preset=&#8221;default&#8221; background_color=&#8221;#FFFFFF&#8221; custom_padding=&#8221;20px|20px|20px|20px|true|true&#8221; border_width_all=&#8221;1px&#8221; border_color_all=&#8221;rgba(51,51,51,0.15)&#8221; box_shadow_style=&#8221;preset3&#8243; global_colors_info=&#8221;{}&#8221;][et_pb_image src=&#8221;https:\/\/nikolaussons.se\/wp-content\/uploads\/2023\/03\/cyklon.png&#8221; alt=&#8221;cyklon&#8221; align=&#8221;center&#8221; _builder_version=&#8221;4.20.2&#8243; _module_preset=&#8221;default&#8221; height=&#8221;125px&#8221; custom_margin=&#8221;||0px||false|false&#8221; global_colors_info=&#8221;{}&#8221;][\/et_pb_image][et_pb_text _builder_version=&#8221;4.20.2&#8243; _module_preset=&#8221;default&#8221; header_4_text_align=&#8221;center&#8221; text_orientation=&#8221;center&#8221; global_colors_info=&#8221;{}&#8221;]<\/p>\n<h4>Sp\u00e5nutsug<\/h4>\n<p>Vi \u00e4r specialiserade p\u00e5 sp\u00e5nutsug och stoftavskiljning och har genom \u00e5ren samlat p\u00e5 oss en gedigen erfarenhet. Allt f\u00f6r att kunna hj\u00e4lpa dig att skapa energieffektiva och funktionella l\u00f6sningar.<\/p>\n<p>[\/et_pb_text][et_pb_button button_url=&#8221;@ET-DC@eyJkeW5hbWljIjp0cnVlLCJjb250ZW50IjoicG9zdF9saW5rX3VybF9wYWdlIiwic2V0dGluZ3MiOnsicG9zdF9pZCI6IjgzIn19@&#8221; button_text=&#8221;L\u00e4s mer&#8221; button_alignment=&#8221;center&#8221; _builder_version=&#8221;4.20.2&#8243; _dynamic_attributes=&#8221;button_url&#8221; _module_preset=&#8221;default&#8221; custom_button=&#8221;on&#8221; button_text_size=&#8221;14px&#8221; button_font=&#8221;|800|||||||&#8221; global_colors_info=&#8221;{}&#8221;][\/et_pb_button][\/et_pb_column][et_pb_column type=&#8221;1_3&#8243; _builder_version=&#8221;4.20.2&#8243; _module_preset=&#8221;default&#8221; background_color=&#8221;#FFFFFF&#8221; custom_padding=&#8221;20px|20px|20px|20px|true|true&#8221; border_width_all=&#8221;1px&#8221; border_color_all=&#8221;rgba(51,51,51,0.15)&#8221; box_shadow_style=&#8221;preset3&#8243; global_colors_info=&#8221;{}&#8221;][et_pb_image src=&#8221;https:\/\/nikolaussons.se\/wp-content\/uploads\/2023\/03\/knoster.png&#8221; alt=&#8221;kloster&#8221; align=&#8221;center&#8221; _builder_version=&#8221;4.20.2&#8243; _module_preset=&#8221;default&#8221; height=&#8221;125px&#8221; custom_margin=&#8221;||0px||false|false&#8221; global_colors_info=&#8221;{}&#8221;][\/et_pb_image][et_pb_text _builder_version=&#8221;4.20.2&#8243; _module_preset=&#8221;default&#8221; header_4_text_align=&#8221;center&#8221; text_orientation=&#8221;center&#8221; global_colors_info=&#8221;{}&#8221;]<\/p>\n<h4>Industripl\u00e5t<\/h4>\n<p>Vi hj\u00e4lper dig g\u00e4rna med olika ventilationsl\u00f6sningar f\u00f6r exempelvis el- och kompressorrum, med eller utan v\u00e4rme\u00e5tervinning. Vi har ocks\u00e5 kunskap och l\u00f6sningar f\u00f6r dina ljud- och bullerproblem.<\/p>\n<p>[\/et_pb_text][et_pb_button button_url=&#8221;@ET-DC@eyJkeW5hbWljIjp0cnVlLCJjb250ZW50IjoicG9zdF9saW5rX3VybF9wYWdlIiwic2V0dGluZ3MiOnsicG9zdF9pZCI6IjE1OSJ9fQ==@&#8221; button_text=&#8221;L\u00e4s mer&#8221; button_alignment=&#8221;center&#8221; _builder_version=&#8221;4.20.2&#8243; _dynamic_attributes=&#8221;button_url&#8221; _module_preset=&#8221;default&#8221; custom_button=&#8221;on&#8221; button_text_size=&#8221;14px&#8221; button_font=&#8221;|800|||||||&#8221; global_colors_info=&#8221;{}&#8221;][\/et_pb_button][\/et_pb_column][et_pb_column type=&#8221;1_3&#8243; _builder_version=&#8221;4.20.2&#8243; _module_preset=&#8221;default&#8221; background_color=&#8221;#FFFFFF&#8221; custom_padding=&#8221;20px|20px|20px|20px|true|true&#8221; border_width_all=&#8221;1px&#8221; border_color_all=&#8221;rgba(51,51,51,0.15)&#8221; box_shadow_style=&#8221;preset3&#8243; global_colors_info=&#8221;{}&#8221;][et_pb_image src=&#8221;https:\/\/nikolaussons.se\/wp-content\/uploads\/2023\/03\/Rotorsluss.png&#8221; alt=&#8221;Rotorsluss&#8221; align=&#8221;center&#8221; _builder_version=&#8221;4.20.2&#8243; _module_preset=&#8221;default&#8221; height=&#8221;125px&#8221; custom_margin=&#8221;||0px||false|false&#8221; global_colors_info=&#8221;{}&#8221;][\/et_pb_image][et_pb_text _builder_version=&#8221;4.20.2&#8243; _module_preset=&#8221;default&#8221; header_4_text_align=&#8221;center&#8221; text_orientation=&#8221;center&#8221; global_colors_info=&#8221;{}&#8221;]<\/p>\n<h4>Produkter<\/h4>\n<p>Genom \u00e5ren har vi upplevt att det fattas l\u00f6sningar, eller att de l\u00f6sningar som finns, g\u00e5r att g\u00f6ra betydligt b\u00e4ttre. I v\u00e5rt lager hittar du det mesta som beh\u00f6vs till din stofthantering f\u00f6r att h\u00e5lla snabba leveranser.<\/p>\n<p>[\/et_pb_text][et_pb_button button_url=&#8221;@ET-DC@eyJkeW5hbWljIjp0cnVlLCJjb250ZW50IjoicG9zdF9saW5rX3VybF9wYWdlIiwic2V0dGluZ3MiOnsicG9zdF9pZCI6IjE2NCJ9fQ==@&#8221; button_text=&#8221;L\u00e4s mer&#8221; button_alignment=&#8221;center&#8221; _builder_version=&#8221;4.20.2&#8243; _dynamic_attributes=&#8221;button_url&#8221; _module_preset=&#8221;default&#8221; custom_button=&#8221;on&#8221; button_text_size=&#8221;14px&#8221; button_font=&#8221;|800|||||||&#8221; global_colors_info=&#8221;{}&#8221;][\/et_pb_button][\/et_pb_column][\/et_pb_row][\/et_pb_section][et_pb_section fb_built=&#8221;1&#8243; custom_padding_last_edited=&#8221;on|phone&#8221; admin_label=&#8221;About Section&#8221; _builder_version=&#8221;4.20.2&#8243; background_color=&#8221;#F2F2F2&#8243; use_background_color_gradient=&#8221;on&#8221; background_color_gradient_type=&#8221;circular&#8221; background_color_gradient_direction_radial=&#8221;top left&#8221; background_color_gradient_stops=&#8221;#242e58 10%|rgba(43,48,58,0.5) 100%&#8221; background_color_gradient_overlays_image=&#8221;on&#8221; background_color_gradient_start=&#8221;#2b303a&#8221; background_color_gradient_start_position=&#8221;10%&#8221; background_color_gradient_end=&#8221;rgba(43,48,58,0.5)&#8221; background_image=&#8221;https:\/\/nikolaussons.se\/wp-content\/uploads\/2023\/03\/spanutsugvaxjo02stor.jpg&#8221; background_position=&#8221;top_center&#8221; module_alignment=&#8221;right&#8221; custom_margin=&#8221;60px|60px|60px|60px|true|true&#8221; custom_margin_tablet=&#8221;0px|0px|0px|0px|true|true&#8221; custom_margin_phone=&#8221;&#8221; custom_margin_last_edited=&#8221;on|desktop&#8221; custom_padding=&#8221;13vw||13vw|0|true|false&#8221; custom_padding_tablet=&#8221;|||0px&#8221; custom_padding_phone=&#8221;120px||120px||true&#8221; top_divider_style=&#8221;asymmetric4&#8243; top_divider_color=&#8221;#F2F2F2&#8243; top_divider_repeat=&#8221;0.5x&#8221; top_divider_flip=&#8221;vertical&#8221; bottom_divider_style=&#8221;asymmetric3&#8243; bottom_divider_color=&#8221;#F2F2F2&#8243; bottom_divider_repeat=&#8221;0.5x&#8221; bottom_divider_flip=&#8221;horizontal&#8221; global_module=&#8221;97&#8243; global_colors_info=&#8221;{}&#8221;][et_pb_row admin_label=&#8221;About Area&#8221; _builder_version=&#8221;4.16&#8243; locked=&#8221;off&#8221; global_colors_info=&#8221;{}&#8221;][et_pb_column type=&#8221;4_4&#8243; _builder_version=&#8221;4.16&#8243; custom_padding=&#8221;|||&#8221; global_colors_info=&#8221;{}&#8221; custom_padding__hover=&#8221;|||&#8221;][et_pb_text admin_label=&#8221;Title&#8221; _builder_version=&#8221;4.20.2&#8243; text_font=&#8221;||||||||&#8221; header_font=&#8221;||||||||&#8221; background_layout=&#8221;dark&#8221; custom_margin=&#8221;|||-40px&#8221; custom_margin_tablet=&#8221;&#8221; custom_margin_phone=&#8221;|||0px&#8221; custom_margin_last_edited=&#8221;on|phone&#8221; custom_padding=&#8221;|||30px&#8221; animation_style=&#8221;fold&#8221; animation_direction=&#8221;left&#8221; animation_intensity_fold=&#8221;5%&#8221; animation_starting_opacity=&#8221;100%&#8221; header_2_font_size_tablet=&#8221;&#8221; header_2_font_size_phone=&#8221;&#8221; header_2_font_size_last_edited=&#8221;on|tablet&#8221; border_width_left=&#8221;10px&#8221; border_color_left=&#8221;#ea5610&#8243; global_colors_info=&#8221;{}&#8221;]<\/p>\n<h2>L\u00e5t oss g\u00f6ra din projektering<\/h2>\n<p>[\/et_pb_text][et_pb_text admin_label=&#8221;Subtitle&#8221; _builder_version=&#8221;4.20.2&#8243; text_font=&#8221;||||||||&#8221; text_text_color=&#8221;#FFFFFF&#8221; text_font_size=&#8221;20px&#8221; background_layout=&#8221;dark&#8221; max_width=&#8221;700px&#8221; max_width_tablet=&#8221;&#8221; max_width_phone=&#8221;&#8221; max_width_last_edited=&#8221;on|tablet&#8221; custom_padding=&#8221;|||&#8221; animation_style=&#8221;fold&#8221; animation_direction=&#8221;left&#8221; animation_intensity_fold=&#8221;5%&#8221; animation_starting_opacity=&#8221;100%&#8221; locked=&#8221;off&#8221; global_colors_info=&#8221;{}&#8221;]<\/p>\n<p><span>Nikolaussons har b\u00e5de erfarenheten och kunskapen f\u00f6r att dimensionera och projektera vad du beh\u00f6ver till din stoftavskiljning. Antingen som konsult eller helhetsleverant\u00f6r.<\/span><\/p>\n<p>[\/et_pb_text][\/et_pb_column][\/et_pb_row][et_pb_row _builder_version=&#8221;4.20.2&#8243; _module_preset=&#8221;default&#8221; global_colors_info=&#8221;{}&#8221;][et_pb_column type=&#8221;4_4&#8243; _builder_version=&#8221;4.20.2&#8243; _module_preset=&#8221;default&#8221; global_colors_info=&#8221;{}&#8221;][dvppl_cf7_styler form_bg=&#8221;RGBA(242,242,242,0.75)&#8221; form_padding=&#8221;40px|20px|20px|20px|false|true&#8221; button_alignment=&#8221;right&#8221; cf7=&#8221;636&#8243; form_field_height=&#8221;50px&#8221; form_field_active_color=&#8221;#EA5610&#8243; cf7_message_color=&#8221;#333333&#8243; cf7_message_bg_color=&#8221;#FFFFFF&#8221; cf7_border_highlight_color=&#8221;#0083BB&#8221; cf7_success_message_color=&#8221;#333333&#8243; cf7_success_message_bg_color=&#8221;#FFFFFF&#8221; cf7_success_border_color=&#8221;#0083BB&#8221; cf7_error_message_color=&#8221;#333333&#8243; cf7_error_message_bg_color=&#8221;#FFFFFF&#8221; cf7_error_border_color=&#8221;#EA1F10&#8243; _builder_version=&#8221;4.20.2&#8243; _module_preset=&#8221;default&#8221; form_field_font_text_color=&#8221;#6B6B6B&#8221; form_field_font_font_size=&#8221;16px&#8221; placeholder_text_color=&#8221;#6B6B6B&#8221; placeholder_font_size=&#8221;16px&#8221; background_enable_color=&#8221;off&#8221; custom_submit_button=&#8221;on&#8221; submit_button_text_size=&#8221;20px&#8221; submit_button_bg_color=&#8221;#0083BB&#8221; submit_button_border_color=&#8221;#0083BB&#8221; submit_button_letter_spacing=&#8221;2px&#8221; submit_button_font=&#8221;|700||on|||||&#8221; submit_button_custom_margin=&#8221;15px||||false|false&#8221; submit_button_custom_padding=&#8221;10px|25px|10px|25px|true|true&#8221; border_radii_field=&#8221;on|5px|5px|5px|5px&#8221; box_shadow_style=&#8221;preset2&#8243; global_colors_info=&#8221;{}&#8221;][\/dvppl_cf7_styler][\/et_pb_column][\/et_pb_row][\/et_pb_section]<\/p>\n","protected":false},"excerpt":{"rendered":"<p>Stoftavskiljning f\u00f6r tr\u00e4industrinKompletta l\u00f6sningar f\u00f6r sp\u00e5nutsug, fr\u00e5n projektering till f\u00e4rdig anl\u00e4ggning och service. Anpassade system och produkter med serviceorienterad konstruktion, grundad p\u00e5 n\u00e4ra fyrtio \u00e5rs erfarenhet.V\u00c5R SPECIALITETFilter | Fl\u00e4ktar | Cykloner | R\u00f6rsystemNikolaussons &#8211; din partner f\u00f6r h\u00f6gkvalitativ sp\u00e5nutsug och stoftavskiljningVi \u00e4r specialister p\u00e5 att leverera effektiva l\u00f6sningar f\u00f6r att f\u00f6rb\u00e4ttra luftkvaliteten i din arbetsplats [&hellip;]<\/p>\n","protected":false},"author":1,"featured_media":0,"parent":0,"menu_order":0,"comment_status":"closed","ping_status":"closed","template":"","meta":{"_et_pb_use_builder":"on","_et_pb_old_content":"","_et_gb_content_width":"","footnotes":""},"class_list":["post-13","page","type-page","status-publish","hentry"],"_links":{"self":[{"href":"https:\/\/nikolaussons.se\/index.php?rest_route=\/wp\/v2\/pages\/13","targetHints":{"allow":["GET"]}}],"collection":[{"href":"https:\/\/nikolaussons.se\/index.php?rest_route=\/wp\/v2\/pages"}],"about":[{"href":"https:\/\/nikolaussons.se\/index.php?rest_route=\/wp\/v2\/types\/page"}],"author":[{"embeddable":true,"href":"https:\/\/nikolaussons.se\/index.php?rest_route=\/wp\/v2\/users\/1"}],"replies":[{"embeddable":true,"href":"https:\/\/nikolaussons.se\/index.php?rest_route=%2Fwp%2Fv2%2Fcomments&post=13"}],"version-history":[{"count":44,"href":"https:\/\/nikolaussons.se\/index.php?rest_route=\/wp\/v2\/pages\/13\/revisions"}],"predecessor-version":[{"id":846,"href":"https:\/\/nikolaussons.se\/index.php?rest_route=\/wp\/v2\/pages\/13\/revisions\/846"}],"wp:attachment":[{"href":"https:\/\/nikolaussons.se\/index.php?rest_route=%2Fwp%2Fv2%2Fmedia&parent=13"}],"curies":[{"name":"wp","href":"https:\/\/api.w.org\/{rel}","templated":true}]}}