{"id":102,"date":"2023-03-23T14:51:39","date_gmt":"2023-03-23T14:51:39","guid":{"rendered":"https:\/\/nikolaussons.se\/?page_id=102"},"modified":"2023-05-02T14:10:34","modified_gmt":"2023-05-02T14:10:34","slug":"om-oss","status":"publish","type":"page","link":"https:\/\/nikolaussons.se\/?page_id=102","title":{"rendered":"Om oss"},"content":{"rendered":"<p>[et_pb_section fb_built=&#8221;1&#8243; custom_padding_last_edited=&#8221;on|phone&#8221; admin_label=&#8221;Hero Section&#8221; _builder_version=&#8221;4.20.2&#8243; use_background_color_gradient=&#8221;on&#8221; background_color_gradient_type=&#8221;circular&#8221; background_color_gradient_direction_radial=&#8221;top left&#8221; background_color_gradient_stops=&#8221;#242e58 10%|rgba(43,48,58,0.5) 100%&#8221; background_color_gradient_overlays_image=&#8221;on&#8221; background_color_gradient_start=&#8221;#2b303a&#8221; background_color_gradient_start_position=&#8221;10%&#8221; background_color_gradient_end=&#8221;rgba(43,48,58,0.5)&#8221; background_image=&#8221;https:\/\/nikolaussons.se\/wp-content\/uploads\/2023\/04\/DSC_2588.jpg&#8221; module_alignment=&#8221;right&#8221; custom_margin=&#8221;0px|60px|0px|60px|true|true&#8221; custom_margin_tablet=&#8221;0px|0px|0px|0px|true|true&#8221; custom_margin_phone=&#8221;&#8221; custom_margin_last_edited=&#8221;on|tablet&#8221; custom_padding=&#8221;10vw|0|10vw|0|false|false&#8221; custom_padding_tablet=&#8221;|||0px&#8221; custom_padding_phone=&#8221;120px||120px|&#8221; top_divider_style=&#8221;asymmetric4&#8243; top_divider_color=&#8221;#F2F2F2&#8243; top_divider_repeat=&#8221;0.5x&#8221; top_divider_flip=&#8221;vertical&#8221; bottom_divider_style=&#8221;asymmetric4&#8243; bottom_divider_color=&#8221;#F2F2F2&#8243; bottom_divider_repeat=&#8221;0.5x&#8221; bottom_divider_flip=&#8221;horizontal&#8221; animation_style=&#8221;slide&#8221; animation_direction=&#8221;top&#8221; animation_intensity_slide=&#8221;2%&#8221; global_colors_info=&#8221;{}&#8221;][et_pb_row admin_label=&#8221;Hero Area&#8221; _builder_version=&#8221;4.16&#8243; background_size=&#8221;initial&#8221; background_position=&#8221;top_left&#8221; background_repeat=&#8221;repeat&#8221; custom_margin=&#8221;|||&#8221; global_colors_info=&#8221;{}&#8221;][et_pb_column type=&#8221;4_4&#8243; _builder_version=&#8221;4.16&#8243; custom_padding=&#8221;|||&#8221; global_colors_info=&#8221;{}&#8221; custom_padding__hover=&#8221;|||&#8221;][et_pb_text admin_label=&#8221;Title&#8221; _builder_version=&#8221;4.20.2&#8243; text_font=&#8221;||||||||&#8221; quote_font=&#8221;||||||||&#8221; header_2_font=&#8221;||||||||&#8221; background_layout=&#8221;dark&#8221; custom_margin=&#8221;|||-40px&#8221; custom_margin_tablet=&#8221;&#8221; custom_margin_phone=&#8221;|||0px&#8221; custom_margin_last_edited=&#8221;on|phone&#8221; custom_padding=&#8221;|||30px&#8221; animation_style=&#8221;slide&#8221; animation_direction=&#8221;top&#8221; animation_intensity_slide=&#8221;5%&#8221; animation_starting_opacity=&#8221;100%&#8221; hover_enabled=&#8221;0&#8243; border_color_all=&#8221;#ff5400&#8243; border_width_left=&#8221;10px&#8221; border_color_left=&#8221;#EA5610&#8243; global_colors_info=&#8221;{}&#8221; sticky_enabled=&#8221;0&#8243;]<\/p>\n<h1>Om oss<\/h1>\n<p>[\/et_pb_text][\/et_pb_column][\/et_pb_row][et_pb_row column_structure=&#8221;3_5,2_5&#8243; _builder_version=&#8221;4.16&#8243; global_colors_info=&#8221;{}&#8221;][et_pb_column type=&#8221;3_5&#8243; _builder_version=&#8221;4.16&#8243; custom_padding=&#8221;|||&#8221; global_colors_info=&#8221;{}&#8221; custom_padding__hover=&#8221;|||&#8221;][et_pb_text _builder_version=&#8221;4.20.2&#8243; text_text_color=&#8221;#FFFFFF&#8221; text_font_size=&#8221;20px&#8221; background_layout=&#8221;dark&#8221; animation_style=&#8221;fold&#8221; animation_direction=&#8221;left&#8221; animation_intensity_fold=&#8221;5%&#8221; animation_starting_opacity=&#8221;100%&#8221; locked=&#8221;off&#8221; global_colors_info=&#8221;{}&#8221;]<\/p>\n<p>Sp\u00e5nutsug och speciall\u00f6sningar till tillverkningsindustrin utg\u00f6r den st\u00f6rsta delen av v\u00e5r verksamhet. Vi projekterar b\u00e5de sm\u00e5 och stora anl\u00e4ggningar d\u00e4r m\u00e5let \u00e4r kostnadseffektivitet b\u00e5de vid ink\u00f6p och drift. \u00a0<\/p>\n<p>[\/et_pb_text][\/et_pb_column][et_pb_column type=&#8221;2_5&#8243; _builder_version=&#8221;4.16&#8243; custom_padding=&#8221;|||&#8221; global_colors_info=&#8221;{}&#8221; custom_padding__hover=&#8221;|||&#8221;][\/et_pb_column][\/et_pb_row][\/et_pb_section][et_pb_section fb_built=&#8221;1&#8243; custom_padding_last_edited=&#8221;off|desktop&#8221; admin_label=&#8221;Team Section&#8221; _builder_version=&#8221;4.20.2&#8243; background_color=&#8221;#F2F2F2&#8243; module_alignment=&#8221;right&#8221; custom_margin=&#8221;|||&#8221; custom_margin_tablet=&#8221;0px|0px|0px|0px|true|true&#8221; custom_margin_last_edited=&#8221;off|desktop&#8221; custom_padding=&#8221;54px|0px|54px|0px|false|false&#8221; custom_padding_tablet=&#8221;|||0px&#8221; bottom_divider_height=&#8221;80%&#8221; bottom_divider_repeat=&#8221;0.4x&#8221; animation_direction=&#8221;bottom&#8221; locked=&#8221;off&#8221; global_colors_info=&#8221;{}&#8221;][et_pb_row column_structure=&#8221;3_5,2_5&#8243; admin_label=&#8221;Team Area&#8221; _builder_version=&#8221;4.16&#8243; global_colors_info=&#8221;{}&#8221;][et_pb_column type=&#8221;3_5&#8243; _builder_version=&#8221;4.16&#8243; custom_padding=&#8221;|||&#8221; global_colors_info=&#8221;{}&#8221; custom_padding__hover=&#8221;|||&#8221;][et_pb_text admin_label=&#8221;Title&#8221; _builder_version=&#8221;4.20.2&#8243; text_font=&#8221;||||||||&#8221; custom_margin=&#8221;|||-40px&#8221; custom_margin_tablet=&#8221;&#8221; custom_margin_phone=&#8221;|||0px&#8221; custom_margin_last_edited=&#8221;on|phone&#8221; custom_padding=&#8221;|||30px&#8221; animation_style=&#8221;fold&#8221; animation_direction=&#8221;left&#8221; animation_intensity_fold=&#8221;5%&#8221; animation_starting_opacity=&#8221;100%&#8221; header_2_font_size_tablet=&#8221;&#8221; header_2_font_size_phone=&#8221;&#8221; header_2_font_size_last_edited=&#8221;on|tablet&#8221; border_width_left=&#8221;10px&#8221; border_color_left=&#8221;#EA5610&#8243; global_colors_info=&#8221;{}&#8221;]<\/p>\n<h2>Sm\u00e5l\u00e4ndskt hantverk i generationer<\/h2>\n<p>[\/et_pb_text][et_pb_text admin_label=&#8221;Subtitle&#8221; _builder_version=&#8221;4.20.2&#8243; text_font_size=&#8221;18px&#8221; link_font=&#8221;||||||||&#8221; ul_font=&#8221;||||||||&#8221; ol_font=&#8221;||||||||&#8221; quote_font=&#8221;||||||||&#8221; header_3_font=&#8221;||||||||&#8221; header_5_font=&#8221;||||||||&#8221; header_6_font=&#8221;||||||||&#8221; max_width=&#8221;700px&#8221; max_width_tablet=&#8221;&#8221; max_width_phone=&#8221;&#8221; max_width_last_edited=&#8221;on|desktop&#8221; custom_padding=&#8221;|||&#8221; animation_style=&#8221;fold&#8221; animation_direction=&#8221;left&#8221; animation_intensity_fold=&#8221;5%&#8221; animation_starting_opacity=&#8221;100%&#8221; locked=&#8221;off&#8221; global_colors_info=&#8221;{}&#8221;]<\/p>\n<p>Nikolaussons Pl\u00e5tslageri AB \u00e4r bel\u00e4get i Lammhult, mitt i s\u00f6dra Sverige, och grundades 1974 av Alvar Nikolausson. Idag drivs verksamheten vidare av s\u00f6nerna, Kjell-\u00c5ke och Christer Nikolausson. F\u00f6retaget var fr\u00e5n b\u00f6rjan ett byggnadspl\u00e5tslageri men b\u00f6rjade tidigt nischa sig p\u00e5 sp\u00e5nutsug till bl.a. m\u00f6belindustrier, husfabriker, s\u00e5gverk och hyvlerier.<\/p>\n<p>Sp\u00e5nutsug utg\u00f6r idag den st\u00f6rsta delen av v\u00e5r verksamhet.\u00a0Vi konstruerar, tillverkar, monterar och s\u00e4ljer sp\u00e5nutsug till tr\u00e4industrin. Till v\u00e5ra produkter h\u00f6r bl.a. cykloner, rotorslussar, jethattar och ljudd\u00e4mpare. Nya produkter utvecklas kontinuerligt d\u00e5 behov uppst\u00e5r.<\/p>\n<p>Vi \u00e5tar oss projekt f\u00f6r att leverera kompletta stoftavskiljningssystem, antingen med montage eller f\u00f6r egenmontage av kund.<\/p>\n<p>V\u00e5r m\u00e5ls\u00e4ttning vid projektering \u00e4r att minimera kundens kostnader, s\u00e5v\u00e4l investeringskostnader som driftskostnader.<\/p>\n<p>Korta tillverkningskedjor och att personer fortl\u00f6per i projekten medf\u00f6r kontinuerlig feed back b\u00e5de fr\u00e5n service och montering. Detta underl\u00e4ttar och f\u00f6rb\u00e4ttrar st\u00e4ndigt v\u00e5ra anl\u00e4ggningar och produkter, i synnerhet g\u00e4llande monterings- och serviceegenskaper.<\/p>\n<h4>Aff\u00e4rsid\u00e9<\/h4>\n<p>Nikolaussons Pl\u00e5tslageri AB siktar p\u00e5 att vara en ledande leverant\u00f6r i Sverige av kompletta sp\u00e5nutsugningssystem, fr\u00e5n projektering till f\u00e4rdig anl\u00e4ggning. Vi ska \u00e4ven leverera r\u00f6rsystem och detaljer f\u00f6r egenmontage.<\/p>\n<p>Vi ska tillhandah\u00e5lla en snabb och effektiv service, b\u00e5de vad g\u00e4ller reservdelar och produkter. Vi ska vara flexibla i verksamheten och personalen p\u00e5 f\u00f6retaget skall kunna skifta arbetsuppgifter f\u00f6r att f\u00e5 erfarenhet att kunna l\u00f6sa problem och komma med id\u00e9er p\u00e5 f\u00f6rb\u00e4ttringar.<\/p>\n<p>F\u00f6r att f\u00e5 n\u00f6jda kunder skall Nikolaussons Pl\u00e5tslageri AB kunna erbjuda helhetsl\u00f6sningar fr\u00e5n dimensionering och konstruktion till ett fungerande materialhanteringssystem och \u00e4ven kunna ta fram speciall\u00f6sningar vid behov. Produkten som f\u00f6retaget levererar skall ha den kr\u00e4vda, eller b\u00e4ttre, kvaliteten. F\u00f6retaget skall vara l\u00e4tt att kommunicera med samt ha flexibla och smidiga l\u00f6sningar.<\/p>\n<h4>Kvalitet<\/h4>\n<p>Vi s\u00e4tter alltid v\u00e5ra kunder i fokus och d\u00e5 v\u00e5ra kunder \u00e4r \u00e5terkommande har vi ett fortg\u00e5ende samtal med dem, vilket hj\u00e4lper till att f\u00f6rutse inte bara nuvarande behov, utan \u00e4ven framtida behov. I produktionen anv\u00e4nds maskiner som g\u00f6r det m\u00f6jligt att dokumentera och spara tillverkningsparametrar, detta hj\u00e4lper oss att kvalitetss\u00e4kra och st\u00e4ndigt f\u00f6rb\u00e4ttra v\u00e5ra produkter.<\/p>\n<p>Vi har l\u00f6pande stickprovsm\u00e4tningar p\u00e5 all tillverkning, utom rotorslussar, d\u00e4r varje enhet kontrolleras och provk\u00f6rs. Uppt\u00e4cks fel i tillverkning g\u00f6r den korta produktionskedjan att problemet genast \u00e5tg\u00e4rdas. P\u00e5 samma s\u00e4tt kan problem som uppst\u00e5r i anl\u00e4ggningar effektivt och snabbt l\u00f6sas. Alla f\u00e4rdiga anl\u00e4ggningar m\u00e4ts in och dokumenteras f\u00f6r att s\u00e4kerst\u00e4lla att de fungerar tillfredsst\u00e4llande.<\/p>\n<p>[\/et_pb_text][\/et_pb_column][et_pb_column type=&#8221;2_5&#8243; _builder_version=&#8221;4.16&#8243; custom_padding=&#8221;|||&#8221; global_colors_info=&#8221;{}&#8221; custom_padding__hover=&#8221;|||&#8221;][et_pb_image src=&#8221;https:\/\/nikolaussons.se\/wp-content\/uploads\/2023\/03\/omforetaget.jpg&#8221; alt=&#8221;klossf\u00e4lla&#8221; _builder_version=&#8221;4.20.2&#8243; _module_preset=&#8221;default&#8221; background_color=&#8221;RGBA(255,255,255,0)&#8221; global_colors_info=&#8221;{}&#8221;][\/et_pb_image][\/et_pb_column][\/et_pb_row][et_pb_row column_structure=&#8221;1_4,1_4,1_4,1_4&#8243; _builder_version=&#8221;4.20.2&#8243; _module_preset=&#8221;default&#8221; custom_padding=&#8221;|0px||0px|false|false&#8221; global_colors_info=&#8221;{}&#8221;][et_pb_column type=&#8221;1_4&#8243; _builder_version=&#8221;4.20.2&#8243; _module_preset=&#8221;default&#8221; background_color=&#8221;#FFFFFF&#8221; custom_padding=&#8221;20px|20px|20px|20px|true|true&#8221; border_width_all=&#8221;1px&#8221; border_color_all=&#8221;rgba(51,51,51,0.15)&#8221; box_shadow_style=&#8221;preset3&#8243; global_colors_info=&#8221;{}&#8221;][et_pb_image src=&#8221;https:\/\/nikolaussons.se\/wp-content\/uploads\/2023\/03\/cyklon.png&#8221; alt=&#8221;cyklon&#8221; align=&#8221;center&#8221; _builder_version=&#8221;4.20.2&#8243; _module_preset=&#8221;default&#8221; height=&#8221;125px&#8221; custom_margin=&#8221;||0px||false|false&#8221; global_colors_info=&#8221;{}&#8221;][\/et_pb_image][et_pb_text _builder_version=&#8221;4.20.2&#8243; _module_preset=&#8221;default&#8221; header_4_text_align=&#8221;center&#8221; text_orientation=&#8221;center&#8221; global_colors_info=&#8221;{}&#8221;]<\/p>\n<h4>Sp\u00e5nutsug<\/h4>\n<p>[\/et_pb_text][et_pb_button button_url=&#8221;@ET-DC@eyJkeW5hbWljIjp0cnVlLCJjb250ZW50IjoicG9zdF9saW5rX3VybF9wYWdlIiwic2V0dGluZ3MiOnsicG9zdF9pZCI6IjgzIn19@&#8221; button_text=&#8221;L\u00e4s mer&#8221; button_alignment=&#8221;center&#8221; _builder_version=&#8221;4.20.2&#8243; _dynamic_attributes=&#8221;button_url&#8221; _module_preset=&#8221;default&#8221; custom_button=&#8221;on&#8221; button_text_size=&#8221;14px&#8221; button_font=&#8221;|800|||||||&#8221; global_colors_info=&#8221;{}&#8221;][\/et_pb_button][\/et_pb_column][et_pb_column type=&#8221;1_4&#8243; _builder_version=&#8221;4.20.2&#8243; _module_preset=&#8221;default&#8221; background_color=&#8221;#FFFFFF&#8221; custom_padding=&#8221;20px|20px|20px|20px|true|true&#8221; border_width_all=&#8221;1px&#8221; border_color_all=&#8221;rgba(51,51,51,0.15)&#8221; box_shadow_style=&#8221;preset3&#8243; global_colors_info=&#8221;{}&#8221;][et_pb_image src=&#8221;https:\/\/nikolaussons.se\/wp-content\/uploads\/2023\/03\/knoster.png&#8221; alt=&#8221;kloster&#8221; align=&#8221;center&#8221; _builder_version=&#8221;4.20.2&#8243; _module_preset=&#8221;default&#8221; height=&#8221;125px&#8221; custom_margin=&#8221;||0px||false|false&#8221; global_colors_info=&#8221;{}&#8221;][\/et_pb_image][et_pb_text _builder_version=&#8221;4.20.2&#8243; _module_preset=&#8221;default&#8221; header_4_text_align=&#8221;center&#8221; text_orientation=&#8221;center&#8221; global_colors_info=&#8221;{}&#8221;]<\/p>\n<h4>Industripl\u00e5t<\/h4>\n<p>[\/et_pb_text][et_pb_button button_url=&#8221;@ET-DC@eyJkeW5hbWljIjp0cnVlLCJjb250ZW50IjoicG9zdF9saW5rX3VybF9wYWdlIiwic2V0dGluZ3MiOnsicG9zdF9pZCI6IjE1OSJ9fQ==@&#8221; button_text=&#8221;L\u00e4s mer&#8221; button_alignment=&#8221;center&#8221; _builder_version=&#8221;4.20.2&#8243; _dynamic_attributes=&#8221;button_url&#8221; _module_preset=&#8221;default&#8221; custom_button=&#8221;on&#8221; button_text_size=&#8221;14px&#8221; button_font=&#8221;|800|||||||&#8221; global_colors_info=&#8221;{}&#8221;][\/et_pb_button][\/et_pb_column][et_pb_column type=&#8221;1_4&#8243; _builder_version=&#8221;4.20.2&#8243; _module_preset=&#8221;default&#8221; background_color=&#8221;#FFFFFF&#8221; custom_padding=&#8221;20px|20px|20px|20px|true|true&#8221; border_width_all=&#8221;1px&#8221; border_color_all=&#8221;rgba(51,51,51,0.15)&#8221; box_shadow_style=&#8221;preset3&#8243; global_colors_info=&#8221;{}&#8221;][et_pb_image src=&#8221;https:\/\/nikolaussons.se\/wp-content\/uploads\/2023\/03\/Rotorsluss.png&#8221; alt=&#8221;Rotorsluss&#8221; align=&#8221;center&#8221; _builder_version=&#8221;4.20.2&#8243; _module_preset=&#8221;default&#8221; height=&#8221;125px&#8221; custom_margin=&#8221;||0px||false|false&#8221; global_colors_info=&#8221;{}&#8221;][\/et_pb_image][et_pb_text _builder_version=&#8221;4.20.2&#8243; _module_preset=&#8221;default&#8221; header_4_text_align=&#8221;center&#8221; text_orientation=&#8221;center&#8221; global_colors_info=&#8221;{}&#8221;]<\/p>\n<h4>Produkter<\/h4>\n<p>[\/et_pb_text][et_pb_button button_url=&#8221;@ET-DC@eyJkeW5hbWljIjp0cnVlLCJjb250ZW50IjoicG9zdF9saW5rX3VybF9wYWdlIiwic2V0dGluZ3MiOnsicG9zdF9pZCI6IjE2NCJ9fQ==@&#8221; button_text=&#8221;L\u00e4s mer&#8221; button_alignment=&#8221;center&#8221; _builder_version=&#8221;4.20.2&#8243; _dynamic_attributes=&#8221;button_url&#8221; _module_preset=&#8221;default&#8221; custom_button=&#8221;on&#8221; button_text_size=&#8221;14px&#8221; button_font=&#8221;|800|||||||&#8221; global_colors_info=&#8221;{}&#8221;][\/et_pb_button][\/et_pb_column][et_pb_column type=&#8221;1_4&#8243; _builder_version=&#8221;4.20.2&#8243; _module_preset=&#8221;default&#8221; background_color=&#8221;#FFFFFF&#8221; custom_padding=&#8221;20px|20px|20px|20px|true|true&#8221; border_width_all=&#8221;1px&#8221; border_color_all=&#8221;rgba(51,51,51,0.15)&#8221; box_shadow_style=&#8221;preset3&#8243; global_colors_info=&#8221;{}&#8221;][et_pb_image src=&#8221;https:\/\/nikolaussons.se\/wp-content\/uploads\/2023\/03\/projektering_1.png&#8221; alt=&#8221;m\u00e5ttband och minir\u00e4knare&#8221; align=&#8221;center&#8221; _builder_version=&#8221;4.20.2&#8243; _module_preset=&#8221;default&#8221; height=&#8221;125px&#8221; custom_margin=&#8221;||0px||false|false&#8221; global_colors_info=&#8221;{}&#8221;][\/et_pb_image][et_pb_text _builder_version=&#8221;4.20.2&#8243; _module_preset=&#8221;default&#8221; header_4_text_align=&#8221;center&#8221; text_orientation=&#8221;center&#8221; global_colors_info=&#8221;{}&#8221;]<\/p>\n<h4>Projektering<\/h4>\n<p>[\/et_pb_text][et_pb_button button_url=&#8221;@ET-DC@eyJkeW5hbWljIjp0cnVlLCJjb250ZW50IjoicG9zdF9saW5rX3VybF9wYWdlIiwic2V0dGluZ3MiOnsicG9zdF9pZCI6Ijk0In19@&#8221; button_text=&#8221;L\u00e4s mer&#8221; button_alignment=&#8221;center&#8221; _builder_version=&#8221;4.20.2&#8243; _dynamic_attributes=&#8221;button_url&#8221; _module_preset=&#8221;default&#8221; custom_button=&#8221;on&#8221; button_text_size=&#8221;14px&#8221; button_font=&#8221;|800|||||||&#8221; global_colors_info=&#8221;{}&#8221;][\/et_pb_button][\/et_pb_column][\/et_pb_row][\/et_pb_section]<\/p>\n","protected":false},"excerpt":{"rendered":"<p>Om ossSp\u00e5nutsug och speciall\u00f6sningar till tillverkningsindustrin utg\u00f6r den st\u00f6rsta delen av v\u00e5r verksamhet. Vi projekterar b\u00e5de sm\u00e5 och stora anl\u00e4ggningar d\u00e4r m\u00e5let \u00e4r kostnadseffektivitet b\u00e5de vid ink\u00f6p och drift. \u00a0Sm\u00e5l\u00e4ndskt hantverk i generationerNikolaussons Pl\u00e5tslageri AB \u00e4r bel\u00e4get i Lammhult, mitt i s\u00f6dra Sverige, och grundades 1974 av Alvar Nikolausson. Idag drivs verksamheten vidare av s\u00f6nerna, [&hellip;]<\/p>\n","protected":false},"author":1,"featured_media":0,"parent":0,"menu_order":0,"comment_status":"closed","ping_status":"closed","template":"","meta":{"_et_pb_use_builder":"on","_et_pb_old_content":"","_et_gb_content_width":"","footnotes":""},"class_list":["post-102","page","type-page","status-publish","hentry"],"_links":{"self":[{"href":"https:\/\/nikolaussons.se\/index.php?rest_route=\/wp\/v2\/pages\/102","targetHints":{"allow":["GET"]}}],"collection":[{"href":"https:\/\/nikolaussons.se\/index.php?rest_route=\/wp\/v2\/pages"}],"about":[{"href":"https:\/\/nikolaussons.se\/index.php?rest_route=\/wp\/v2\/types\/page"}],"author":[{"embeddable":true,"href":"https:\/\/nikolaussons.se\/index.php?rest_route=\/wp\/v2\/users\/1"}],"replies":[{"embeddable":true,"href":"https:\/\/nikolaussons.se\/index.php?rest_route=%2Fwp%2Fv2%2Fcomments&post=102"}],"version-history":[{"count":13,"href":"https:\/\/nikolaussons.se\/index.php?rest_route=\/wp\/v2\/pages\/102\/revisions"}],"predecessor-version":[{"id":856,"href":"https:\/\/nikolaussons.se\/index.php?rest_route=\/wp\/v2\/pages\/102\/revisions\/856"}],"wp:attachment":[{"href":"https:\/\/nikolaussons.se\/index.php?rest_route=%2Fwp%2Fv2%2Fmedia&parent=102"}],"curies":[{"name":"wp","href":"https:\/\/api.w.org\/{rel}","templated":true}]}}